{"id":43,"date":"2022-12-16T09:53:53","date_gmt":"2022-12-16T08:53:53","guid":{"rendered":"http:\/\/fundacjaoputw.pl\/?page_id=43"},"modified":"2026-03-06T11:06:18","modified_gmt":"2026-03-06T10:06:18","slug":"galeria","status":"publish","type":"page","link":"https:\/\/fundacjaoputw.pl\/?page_id=43","title":{"rendered":"Galeria"},"content":{"rendered":"\n\n\t<h2 id=\"m_3078583481197971352\">5 marca 2026 Sala Kolumnowa SGH<\/h2>\n<p>&nbsp;<\/p>\n\t<h2 id=\"m_3078583481197971352\">IV Wielki Kongres UTW<\/h2>\n<p>&nbsp;<\/p>\n\t<h2 id=\"m_3078583481197971352\"><b>Wielki dzie\u0144 dla ruchu UTW!<\/b>. W dniu 26 marca 2025 r.\u00a0\u00a0w obecno\u015bci przedstawicieli\u00a0\u00a0UTW, Senat RP podj\u0105\u0142 uchwa\u0142\u0119<b><i>\u00a0\u00a0\u201ew 50 rocznic\u0119\u00a0\u00a0powstania\u00a0\u00a0pierwszego Uniwersytetu Trzeciego Wieku&#8221;<\/i><\/b>\u00a0\u00a0honoruj\u0105c\u00a0\u00a0w ten spos\u00f3b\u00a0\u00a0jubileusz\u00a0\u00a0<a href=\"http:\/\/50.lecia\/\" target=\"_blank\" rel=\"noopener\" data-saferedirecturl=\"https:\/\/www.google.com\/url?q=http:\/\/50.lecia&amp;source=gmail&amp;ust=1743099395741000&amp;usg=AOvVaw2iKribASkAgJIG97pGKkHV\">50.lecia<\/a>\u00a0ruchu UTW w Polsce 1975-2025.<\/h2>\n<p>&nbsp;<\/p>\n\t<h2 id=\"m_3078583481197971352\"><b>XIII EDYCJA DNIA UTW NA TORZE WY\u015aCIG\u00d3W KONNYCH S\u0141U\u017bEWIEC.<\/b><\/h2>\n<p>&nbsp;<\/p>\n\t<p>&nbsp;<\/p>\n<h2>WYWIAD Z PANI\u0104 LAUR\u0104 \u0141\u0104CZ<\/h2>\n<p>&nbsp;<\/p>\n\t<p>&nbsp;<\/p>\n<h2>DEKLARACJA PROGRAMOWA VI SESJI PLENARNEJ OBYWATELSKIEGO PARLAMENTU SENIOR\u00d3W \u201eSENIORZY I PRZYSZ\u0141O\u015a\u0106 POLSKI&#8221;<\/h2>\n<p>&nbsp;<\/p>\n\t<p>&nbsp;<\/p>\n<h2>U MARSZA\u0141KA SENATU RP PROF. TOMASZA GRODZKIEGO &#8211; WR\u0118CZENIE AKTU UCHWA\u0141Y W SPR. 45 LECIA RUCHU UTW<\/h2>\n<p>&nbsp;<\/p>\n\t<p><center><\/center><\/p>\n<h2>WYK\u0141ADY I WARSZTATY PROJEKTU &#8222;CYBERBEZPIECZE\u0143STWO SENIOR\u00d3W W SIECI&#8221;<\/h2>\n<p><\/p>\n\t<p><center><\/center><\/p>\n<h2>FINA\u0141 OLIMPIADY WIEDZY OBYWATELSKIEJ SENIOR OBYWATEL<\/h2>\n<p><\/p>\n\t<p><center><\/center><\/p>\n<h2>FINA\u0141 WOJEW\u00d3DZKIEJ OLIMPIADY &#8222;SENIOR OBYWATEL&#8221;<\/h2>\n<p><\/p>\n\t<p><center><\/center><\/p>\n<h2>III WIELKI KONGRES UNIWERSYTET\u00d3W TRZECIEGO WIEKU 14.10.2019<\/h2>\n<p><\/p>\n\t<p><center><\/center><\/p>\n<h2>X JUBILEUSZOWY DZIE\u0143 UNIWERSYTET\u00d3W TRZECIEGO WIEKU NA TORZE WY\u015aCIG\u00d3W KONNYCH S\u0141U\u017bEWIEC 8 CZERWCA 2019 R.<\/h2>\n<p><\/p>\n\t<p><center><\/center><\/p>\n<h2>IX DZIE\u0143 UNIWERSYTET\u00d3W TRZECIEGO WIEKU NA TORZE WY\u015aCIG\u00d3W KONNYCH S\u0141U\u017bEWIEC 2018<\/h2>\n<p><\/p>\n\t<p><center><\/center><\/p>\n<h2>DZIE\u0143 WARSZAWSKICH UNIWERSYTET\u00d3W TRZECIEGO WIEKU NA TORZE WY\u015aCIG\u00d3W KONNYCH S\u0141U\u017bEWIEC , 17 CZERWCA 2017 R.<\/h2>\n<p><\/p>\n\t<p><center><\/center><\/p>\n<h2>\u015aWI\u0104TECZNE SPOTKANIE WARSZAWSKICH DELEGAT\u00d3W OPS<\/h2>\n<p><\/p>\n\t<p><center><\/center><\/p>\n<h2>W WARSZAWIE POWSTA\u0141A MAZOWIECKA DELEGATURA OPS<\/h2>\n<p><\/p>\n\t<p><center><\/center><\/p>\n<h2>SESJA PLENARNA INAUGURUJ\u0104CA II KADENCJ\u0118 OBYWATELSKIEGO PARLAMENTU SENIOR\u00d3W 2016-2019 MUZEUM HISTORII \u017bYD\u00d3W POLSKICH W WARSZAWIE<\/h2>\n<p><\/p>\n\t<p><center><\/center><\/p>\n<h2>PARTNERZY DNIA UTW NA TORZE WY\u015aCIG\u00d3W KONNYCH S\u0141U\u017bEWIEC<\/h2>\n<p><\/p>\n\t<p><center><\/center><\/p>\n<h2>DZIE\u0143 UNIWERSYTET\u00d3W TRZECIEGO WIEKU NA TORZE WY\u015aCIG\u00d3W KONNYCH &#8211; PO RAZ SI\u00d3DMY.<\/h2>\n<p><\/p>\n\t<p><center><\/center><\/p>\n<h2>POSIEDZENIE WOJEW\u00d3DZKIEJ KOMISJI DS POLITYKI SENIORALNEJ I DELEGAT\u00d3W OBYWATELSKIEGO PARLAMENTU SENIOR\u00d3W, 11 MAJA 2016 R.<\/h2>\n<p><\/p>\n\t<p><center><\/center><\/p>\n<h2>KONFERENCJA W KPRM 23 MARCA 2016 R.<\/h2>\n<p><\/p>\n\t<p><center><\/center><\/p>\n<h2>IV OG\u00d3LNOPOLSKA KONFERENCJA UNIWERSYTET\u00d3W TRZECIEGO WIEKU, SEJM RP, 14 GRUDNIA 2015 R.<\/h2>\n<p><\/p>\n\t<p><center><\/center><\/p>\n<h2>OBYWATELSKI PARLAMENT SENIOR\u00d3W 01.10.2015 SEJM RP<\/h2>\n<p><\/p>\n\t<p><center><\/center><\/p>\n<h2>DZIE\u0143 UNIWERSYTET\u00d3W TRZECIEGO WIEKU NA TORZE WY\u015aCIG\u00d3W KONNYCH S\u0141U\u017bEWIEC 06.06.2015<\/h2>\n<p><\/p>\n\t<p><center><\/center><\/p>\n<h2>II KONGRES UTW &#8211; GALA KONKURSU PRZYJA\u0179NI SENIOROM<\/h2>\n<p><\/p>\n\t<p><center><\/center><\/p>\n<h2>II KONGRES UTW &#8211; GALA WIELKICH OSOBOWO\u015aCI UTW<\/h2>\n<p><\/p>\n\t<p><center><\/center><\/p>\n<h2>II KONGRES UTW &#8211; ODZNACZENIA DLA LIDER\u00d3W UTW<\/h2>\n<p><\/p>\n\t<p><center><\/center><\/p>\n<h2>II KONGRES UTW &#8211; PARA PREZYDENCKA NA II KONGRESIE UTW<\/h2>\n<p><\/p>\n\t<p><center><\/center><\/p>\n<h2>II KONGRES UTW &#8211; KONCERT IRENY SANTOR<\/h2>\n<p><\/p>\n\t<p><center><\/center><\/p>\n<h2>JUBILEUSZ UTW SGH &#8211; 26 WRZE\u015aNIA 2011 R<\/h2>\n<p><\/p>\n\t<p><center><\/center><\/p>\n<h2>GO\u015aCIE KONGRESU UTW<\/h2>\n<p><\/p>\n\t<p><center><\/center><\/p>\n<h2>KONGRES UNIWERSYTET\u00d3W TRZECIEGO WIEKU , 19 MARCA 2012 SALA KONGRESOWA PKIN W WARSZAWIE<\/h2>\n<p><\/p>\n\t<p><center><\/center><\/p>\n<h2>WYSTAWA UTW W SEJMIE<\/h2>\n<p><\/p>\n\t<p><center><\/center><\/p>\n<h2>KONFERENCJA UTW PT. PAKT NA RZECZ SENIOR\u00d3W. SEJM, 19 LISTOPADA 2012 R.<\/h2>\n<p><\/p>\n\t<p><center><\/center><\/p>\n<h2>&#8222;DAMY I KAWALEROWIE&#8221; ORDERU &#8222;TRZY DUKATY M\u0104DRO\u015aCI&#8221; 19 GRUDNIA 2012<\/h2>\n<p><\/p>\n\t<p><center><\/center><\/p>\n<h2>DZIE\u0143 UTW NA TORZE WY\u015aCIG\u00d3W KONNYCH NA S\u0141U\u017bEWCU 3 CZERWCA 2012<\/h2>\n<p><\/p>\n\t<p><center><\/center><\/p>\n<h2>MI\u0118DZYLESKI KLUB SENIORA<\/h2>\n<p><\/p>\n\t<p><center><\/center><\/p>\n<h2>PIERWSI LAUREACI TYTU\u0141U &#8221; WIELKA OSOBOWO\u015a\u0106 UNIWERSYTET\u00d3W TRZECIEGO WIEKU&#8221; MICHA\u0141 SZCZERBA I JACEK MICHA\u0141OWSKI<\/h2>\n<p><\/p>\n\t<p><center><\/center><\/p>\n<h2>DZIE\u0143 UTW NA TORZE WY\u015aCIG\u00d3W KONNYCH NA S\u0141U\u017bEWCU, 2 CZERWCA 2013 R.<\/h2>\n<p><\/p>\n\t<p><center><\/center><\/p>\n<h2>II ZJAZD OG\u00d3LNOPOLSKIEGO POROZUMIENIA UTW, 24.06.2013<\/h2>\n<p><\/p>\n\t<p><center><\/center><\/p>\n<h2>KOMISJA DIALOGU SPO\u0141ECZNEGO DS. UTW 30.X.2013<\/h2>\n<p><\/p>\n\t<p><center><\/center><\/p>\n<h2>WIELKIE OSOBOWO\u015aCI UNIWERSYTET\u00d3W TRZECIEGO WIEKU, AD 2013<\/h2>\n<p><\/p>\n\t<p><center><\/center><\/p>\n<h2>OG\u00d3LNOPOLSKA KONFERENCJA UTW, SEJM, 16 GRUDNIA 2013 R.<\/h2>\n<p><\/p>\n\t<p><center><\/center><\/p>\n<h2>WIGILIA SENIOR\u00d3W UTW U PREMIERA DONALDA TUSKA<\/h2>\n<p><\/p>\n\t<p><center><\/center><\/p>\n<h2>DZIE\u0143 BABCI I DZIADKA U PANI MARSZA\u0141EK EWY KOPACZ<\/h2>\n<p><\/p>\n\t<p><center><\/center><\/p>\n<h2>KONFERENCJA REGIONALNA W GORZOWIE WIELKOPOLSKIM<\/h2>\n<p><\/p>\n\t<p><center><\/center><\/p>\n<h2>WIZYTA POS\u0141ANKI JULII PITERY W OSTROWI MAZOWIECKIE<\/h2>\n<p><\/p>\n\t<p><center><\/center><\/p>\n<h2>V JUBILEUSZOWY DZIE\u0143 UNIWERSYTET\u00d3W TRZECIEGO WIEKU NA TORZE WY\u015aCIG\u00d3W KONNYCH NA S\u0141U\u017bEWCU<\/h2>\n<p><\/p>\n\t<p><center><\/center><\/p>\n<h2>JUBILEUSZ 30.LECIA UTW W RZESZOWIE<\/h2>\n<p><\/p>\n\t<p><center><\/center><\/p>\n<h2>HONOROWE WYR\u00d3\u017bNIENIE &#8222;TERAZ POLSKA&#8221; DLA FUNDACJI &#8222;OP UTW&#8221;<\/h2>\n<p><\/p>\n\t<p><center><\/center><\/p>\n<h2>PI\u0118KNY OSTROWIEC (ZDJ\u0118CIA ROMUALD REDLICH)<\/h2>\n<p><\/p>\n\t<p><center><\/center><\/p>\n<h2>PRZEGL\u0104D ZESPO\u0141\u00d3W ARTYSTYCZNYCH<\/h2>\n<p><\/p>\n\t<p><center><\/center><\/p>\n<h2>SENIORALIA W OSTROWCU \u015aWI\u0118TOKRZYSKIM<\/h2>\n<p><\/p>\n\t<p><center><\/center><\/p>\n<h2>PREMIER EWA KOPACZ NA INAUGURACJI ROKU AKADEMICKIEGO UTW SGH<\/h2>\n<p><\/p>\n\t<p><center><\/center><\/p>\n<h2>WYSTAWA &#8222;PRZYJA\u0179NI SENIOROM&#8221; W PA\u0141ACU PRYMASOWSKIM &#8211; GO\u015aCIE SPECJALNI<\/h2>\n<p><\/p>\n\t<p><center><\/center><\/p>\n<h2>WYSTAWA &#8222;PRZYJA\u0179NI SENIOROM&#8221; W PA\u0141ACU PRYMASOWSKIM &#8211; WYSTAWCY<\/h2>\n<p><\/p>\n\t<p><center><\/center><\/p>\n<h2>WYSTAWA &#8222;PRZYJA\u0179NI SENIOROM&#8221; W PA\u0141ACU PRYMASOWSKIM &#8211; KAPITU\u0141A<\/h2>\n<p><\/p>\n\n","protected":false},"excerpt":{"rendered":"<p>5 marca 2026 Sala Kolumnowa SGH &nbsp; IV Wielki Kongres UTW &nbsp; Wielki dzie\u0144 dla<\/p>\n","protected":false},"author":1,"featured_media":0,"parent":0,"menu_order":0,"comment_status":"closed","ping_status":"closed","template":"","meta":{"footnotes":""},"class_list":["post-43","page","type-page","status-publish","hentry"],"yoast_head":"<!-- This site is optimized with the Yoast SEO plugin v27.5 - https:\/\/yoast.com\/product\/yoast-seo-wordpress\/ -->\n<title>Galeria - Fundacja OPUTW<\/title>\n<meta name=\"robots\" content=\"index, follow, max-snippet:-1, max-image-preview:large, max-video-preview:-1\" \/>\n<link rel=\"canonical\" href=\"https:\/\/fundacjaoputw.pl\/?page_id=43\" \/>\n<meta property=\"og:locale\" content=\"pl_PL\" \/>\n<meta property=\"og:type\" content=\"article\" \/>\n<meta property=\"og:title\" content=\"Galeria - Fundacja OPUTW\" \/>\n<meta property=\"og:description\" content=\"5 marca 2026 Sala Kolumnowa SGH &nbsp; IV Wielki Kongres UTW &nbsp; Wielki dzie\u0144 dla\" \/>\n<meta property=\"og:url\" content=\"https:\/\/fundacjaoputw.pl\/?page_id=43\" \/>\n<meta property=\"og:site_name\" content=\"Fundacja OPUTW\" \/>\n<meta property=\"article:modified_time\" content=\"2026-03-06T10:06:18+00:00\" \/>\n<meta name=\"twitter:card\" content=\"summary_large_image\" \/>\n<script type=\"application\/ld+json\" class=\"yoast-schema-graph\">{\"@context\":\"https:\\\/\\\/schema.org\",\"@graph\":[{\"@type\":\"WebPage\",\"@id\":\"https:\\\/\\\/fundacjaoputw.pl\\\/?page_id=43\",\"url\":\"https:\\\/\\\/fundacjaoputw.pl\\\/?page_id=43\",\"name\":\"Galeria - Fundacja OPUTW\",\"isPartOf\":{\"@id\":\"https:\\\/\\\/fundacjaoputw.pl\\\/#website\"},\"datePublished\":\"2022-12-16T08:53:53+00:00\",\"dateModified\":\"2026-03-06T10:06:18+00:00\",\"breadcrumb\":{\"@id\":\"https:\\\/\\\/fundacjaoputw.pl\\\/?page_id=43#breadcrumb\"},\"inLanguage\":\"pl-PL\",\"potentialAction\":[{\"@type\":\"ReadAction\",\"target\":[\"https:\\\/\\\/fundacjaoputw.pl\\\/?page_id=43\"]}]},{\"@type\":\"BreadcrumbList\",\"@id\":\"https:\\\/\\\/fundacjaoputw.pl\\\/?page_id=43#breadcrumb\",\"itemListElement\":[{\"@type\":\"ListItem\",\"position\":1,\"name\":\"Home\",\"item\":\"https:\\\/\\\/fundacjaoputw.pl\\\/\"},{\"@type\":\"ListItem\",\"position\":2,\"name\":\"Galeria\"}]},{\"@type\":\"WebSite\",\"@id\":\"https:\\\/\\\/fundacjaoputw.pl\\\/#website\",\"url\":\"https:\\\/\\\/fundacjaoputw.pl\\\/\",\"name\":\"Fundacja Og\u00f3lnopolskie Porozumienie Uniwersytet\u00f3w Trzeciego Wieku\",\"description\":\"\",\"publisher\":{\"@id\":\"https:\\\/\\\/fundacjaoputw.pl\\\/#organization\"},\"alternateName\":\"Fundacja OPUTW\",\"potentialAction\":[{\"@type\":\"SearchAction\",\"target\":{\"@type\":\"EntryPoint\",\"urlTemplate\":\"https:\\\/\\\/fundacjaoputw.pl\\\/?s={search_term_string}\"},\"query-input\":{\"@type\":\"PropertyValueSpecification\",\"valueRequired\":true,\"valueName\":\"search_term_string\"}}],\"inLanguage\":\"pl-PL\"},{\"@type\":\"Organization\",\"@id\":\"https:\\\/\\\/fundacjaoputw.pl\\\/#organization\",\"name\":\"Fundacja Og\u00f3lnopolskie Porozumienie Uniwersytet\u00f3w Trzeciego Wieku\",\"alternateName\":\"Fundacja OPUTW\",\"url\":\"https:\\\/\\\/fundacjaoputw.pl\\\/\",\"logo\":{\"@type\":\"ImageObject\",\"inLanguage\":\"pl-PL\",\"@id\":\"https:\\\/\\\/fundacjaoputw.pl\\\/#\\\/schema\\\/logo\\\/image\\\/\",\"url\":\"https:\\\/\\\/fundacjaoputw.pl\\\/wp-content\\\/uploads\\\/2023\\\/01\\\/Bez-tytulu-1900\u00d7600-px.png\",\"contentUrl\":\"https:\\\/\\\/fundacjaoputw.pl\\\/wp-content\\\/uploads\\\/2023\\\/01\\\/Bez-tytulu-1900\u00d7600-px.png\",\"width\":1900,\"height\":600,\"caption\":\"Fundacja Og\u00f3lnopolskie Porozumienie Uniwersytet\u00f3w Trzeciego Wieku\"},\"image\":{\"@id\":\"https:\\\/\\\/fundacjaoputw.pl\\\/#\\\/schema\\\/logo\\\/image\\\/\"}}]}<\/script>\n<!-- \/ Yoast SEO plugin. -->","yoast_head_json":{"title":"Galeria - Fundacja OPUTW","robots":{"index":"index","follow":"follow","max-snippet":"max-snippet:-1","max-image-preview":"max-image-preview:large","max-video-preview":"max-video-preview:-1"},"canonical":"https:\/\/fundacjaoputw.pl\/?page_id=43","og_locale":"pl_PL","og_type":"article","og_title":"Galeria - Fundacja OPUTW","og_description":"5 marca 2026 Sala Kolumnowa SGH &nbsp; IV Wielki Kongres UTW &nbsp; Wielki dzie\u0144 dla","og_url":"https:\/\/fundacjaoputw.pl\/?page_id=43","og_site_name":"Fundacja OPUTW","article_modified_time":"2026-03-06T10:06:18+00:00","twitter_card":"summary_large_image","schema":{"@context":"https:\/\/schema.org","@graph":[{"@type":"WebPage","@id":"https:\/\/fundacjaoputw.pl\/?page_id=43","url":"https:\/\/fundacjaoputw.pl\/?page_id=43","name":"Galeria - Fundacja OPUTW","isPartOf":{"@id":"https:\/\/fundacjaoputw.pl\/#website"},"datePublished":"2022-12-16T08:53:53+00:00","dateModified":"2026-03-06T10:06:18+00:00","breadcrumb":{"@id":"https:\/\/fundacjaoputw.pl\/?page_id=43#breadcrumb"},"inLanguage":"pl-PL","potentialAction":[{"@type":"ReadAction","target":["https:\/\/fundacjaoputw.pl\/?page_id=43"]}]},{"@type":"BreadcrumbList","@id":"https:\/\/fundacjaoputw.pl\/?page_id=43#breadcrumb","itemListElement":[{"@type":"ListItem","position":1,"name":"Home","item":"https:\/\/fundacjaoputw.pl\/"},{"@type":"ListItem","position":2,"name":"Galeria"}]},{"@type":"WebSite","@id":"https:\/\/fundacjaoputw.pl\/#website","url":"https:\/\/fundacjaoputw.pl\/","name":"Fundacja Og\u00f3lnopolskie Porozumienie Uniwersytet\u00f3w Trzeciego Wieku","description":"","publisher":{"@id":"https:\/\/fundacjaoputw.pl\/#organization"},"alternateName":"Fundacja OPUTW","potentialAction":[{"@type":"SearchAction","target":{"@type":"EntryPoint","urlTemplate":"https:\/\/fundacjaoputw.pl\/?s={search_term_string}"},"query-input":{"@type":"PropertyValueSpecification","valueRequired":true,"valueName":"search_term_string"}}],"inLanguage":"pl-PL"},{"@type":"Organization","@id":"https:\/\/fundacjaoputw.pl\/#organization","name":"Fundacja Og\u00f3lnopolskie Porozumienie Uniwersytet\u00f3w Trzeciego Wieku","alternateName":"Fundacja OPUTW","url":"https:\/\/fundacjaoputw.pl\/","logo":{"@type":"ImageObject","inLanguage":"pl-PL","@id":"https:\/\/fundacjaoputw.pl\/#\/schema\/logo\/image\/","url":"https:\/\/fundacjaoputw.pl\/wp-content\/uploads\/2023\/01\/Bez-tytulu-1900\u00d7600-px.png","contentUrl":"https:\/\/fundacjaoputw.pl\/wp-content\/uploads\/2023\/01\/Bez-tytulu-1900\u00d7600-px.png","width":1900,"height":600,"caption":"Fundacja Og\u00f3lnopolskie Porozumienie Uniwersytet\u00f3w Trzeciego Wieku"},"image":{"@id":"https:\/\/fundacjaoputw.pl\/#\/schema\/logo\/image\/"}}]}},"_links":{"self":[{"href":"https:\/\/fundacjaoputw.pl\/index.php?rest_route=\/wp\/v2\/pages\/43","targetHints":{"allow":["GET"]}}],"collection":[{"href":"https:\/\/fundacjaoputw.pl\/index.php?rest_route=\/wp\/v2\/pages"}],"about":[{"href":"https:\/\/fundacjaoputw.pl\/index.php?rest_route=\/wp\/v2\/types\/page"}],"author":[{"embeddable":true,"href":"https:\/\/fundacjaoputw.pl\/index.php?rest_route=\/wp\/v2\/users\/1"}],"replies":[{"embeddable":true,"href":"https:\/\/fundacjaoputw.pl\/index.php?rest_route=%2Fwp%2Fv2%2Fcomments&post=43"}],"version-history":[{"count":11,"href":"https:\/\/fundacjaoputw.pl\/index.php?rest_route=\/wp\/v2\/pages\/43\/revisions"}],"predecessor-version":[{"id":2065,"href":"https:\/\/fundacjaoputw.pl\/index.php?rest_route=\/wp\/v2\/pages\/43\/revisions\/2065"}],"wp:attachment":[{"href":"https:\/\/fundacjaoputw.pl\/index.php?rest_route=%2Fwp%2Fv2%2Fmedia&parent=43"}],"curies":[{"name":"wp","href":"https:\/\/api.w.org\/{rel}","templated":true}]}}