{"id":47,"date":"2022-12-16T09:54:28","date_gmt":"2022-12-16T08:54:28","guid":{"rendered":"http:\/\/fundacjaoputw.pl\/?page_id=47"},"modified":"2026-02-25T11:06:36","modified_gmt":"2026-02-25T10:06:36","slug":"wydawnictwa-senioralne","status":"publish","type":"page","link":"https:\/\/fundacjaoputw.pl\/?page_id=47","title":{"rendered":"Wydawnictwa senioralne"},"content":{"rendered":"\n\n\t<h2>Wydawnictwa senioralne i poradniki<\/h2>\n\t<img decoding=\"async\" src=\"images\/pliki\/2026\/\u015apiewnik_Szlagiery_M_Fogga2026.jpg\" \/>\n<a href=\"images\/pliki\/2026\/\u015apiewnik_Szlagiery_M_Fogga2026.pdf\" target=\"_blank\">POBIERZ<\/a><br \/>\n\u015apiewnik Mieczys\u0142aw Fogg 2026\n\t<img decoding=\"async\" src=\"images\/pliki\/2025\/informator_wakacyjny.jpg\" \/>\n<a href=\"images\/pliki\/2025\/informator_wakacyjny.pdf\" target=\"_blank\">POBIERZ<\/a><br \/>\nInformator wakacyjny 2025\n\t<img decoding=\"async\" src=\"images\/pliki\/2025\/Poradnik_Orlen.jpg\" \/>\n<a href=\"images\/pliki\/2025\/Poradnik_Orlen.pdf\" target=\"_blank\">POBIERZ<\/a><br \/>\nPoradnik Orlen 2025\n\t<img decoding=\"async\" src=\"images\/pliki\/2025\/WYDAWNICTWO_50 LAT_UTW.jpg\" \/>\n<a href=\"images\/pliki\/2025\/WYDAWNICTWO_50 LAT_UTW.pdf\" target=\"_blank\">POBIERZ<\/a><br \/>\n50 lat ruchu UTW \n\t<img decoding=\"async\" src=\"images\/pliki\/2023\/PORADNIK_WOLONTARIUSZA_listopad_2023.jpg\" \/>\n<a href=\"images\/pliki\/2025\/PORADNIK_WOLONTARIUSZA_2024-25.pdf\" target=\"_blank\">POBIERZ<\/a><br \/>\nPoradnik Wolontariusza 2024-2025\n\t<img decoding=\"async\" src=\"images\/pliki\/2024\/Wypalenie_zawodowe.jpg\" \/>\n<a href=\"images\/pliki\/2024\/Wypalenie_zawodowe.pdf\" target=\"_blank\">POBIERZ<\/a><br \/>\nWypalenie zawodowe chorob\u0105 XXI wieku.\n\t<img decoding=\"async\" src=\"images\/pliki\/2023\/poradnik2023.jpg\" \/>\n<a href=\"images\/pliki\/2024\/PORADNIK_WOLONTARIUSZA_2024-25v2.pdf\" target=\"_blank\">POBIERZ<\/a><br \/>\nPoradnik dobrych praktyk Korpusu\nWolontariatu Akademii Lider\u00f3w 60+\nw latach 2024-2025\n\t<img decoding=\"async\" src=\"\/images\/pliki\/2021\/Aktywni_dobre_praktyki_inicjatywy_wolontariackie.jpg\"\/><br \/><br \/>\n<a href=\"\/images\/pliki\/2021\/Aktywni_dobre_praktyki_inicjatywy_wolontariackie.pdf\" target=\"_blank\">POBIERZ<\/a>\n\t<img decoding=\"async\" src=\"\/images\/pliki\/2021\/WydawnictwoXV.jpg\"\/><br \/><br \/>\n<a href=\"\/images\/pliki\/2021\/WydawnictwoXV.pdf\" target=\"_blank\">POBIERZ<\/a><br \/>\nXV lecie UTW SGH 2006-2021\n\t<img decoding=\"async\" src=\"\/images\/pliki\/2021\/Vademecum2021.jpg\"\/><br \/><br \/>\n<a href=\"\/images\/pliki\/2021\/Vademecum2021.pdf\" target=\"_blank\">POBIERZ<\/a>\n\t<img decoding=\"async\" src=\"\/images\/pliki\/2020\/PORADNIK_ASOS2020.jpg\"\/><br \/><br \/>\n<a href=\"\/images\/pliki\/2020\/PORADNIK_ASOS2020.pdf\" target=\"_blank\">POBIERZ<\/a>\n\t<img decoding=\"async\" src=\"\/images\/pliki\/2019\/44_lata_ruchu_UTW.jpg\"\/><br \/><br \/>\n<a href=\"\/images\/pliki\/2019\/44_lata_ruchu_UTW.pdf\" target=\"_blank\">POBIERZ<\/a>\n\t<img decoding=\"async\" src=\"images\/pliki\/2019\/PU2019_NR8_WSTEPNY5.jpg\"\/><br \/><br \/>\n<a href=\"images\/pliki\/2019\/PU2019_NR8_WSTEPNY5.pdf\" target=\"_blank\">POBIERZ<\/a>\n\t<img decoding=\"async\" src=\"images\/pliki\/2019\/PORADNIK_Wolontariusza_2019.jpg\"\/><br \/>\n<a href=\"images\/pliki\/2019\/PORADNIK_Wolontariusza_2019.pdf\" target=\"_blank\">POBIERZ<\/a>\n\t<img decoding=\"async\" src=\"images\/pliki\/spiewnik.jpg\"\/><br \/>\n<a href=\"images\/pliki\/Spiewnik100lecie.pdf\" target=\"_blank\">POBIERZ<\/a>\n\t<img decoding=\"async\" src=\"images\/pliki\/2020\/cyber2020.jpg\" \/>\n<a href=\"images\/pliki\/2020\/PORADNIK3_CYBERBEZPIECZENSTWO-2020_INTERNET.pdf\" target=\"_blank\">POBIERZ<\/a>\n\t<img decoding=\"async\" src=\"images\/pliki\/Cyber\/plakat_cyber.jpg\" \/>\n<a href=\"images\/pliki\/Cyber\/OFERTAdlaGMIN.pdf\" target=\"_blank\">POBIERZ<\/a>\n\t<img decoding=\"async\" src=\"images\/pliki\/2017\/poradnik.jpg\" \/>\n<a href=\"images\/pliki\/2017\/PORADNIK_2017_FINALNY.pdf\" target=\"_blank\">POBIERZ<\/a>\n\tPrezentacja Raport z ewaluacji AL60+\n<img decoding=\"async\" src=\"images\/pliki\/2017\/akademia.jpg\" \/>\n<a href=\"images\/pliki\/2017\/Prezentacja_Raport_z_ewaluacji_AL60_z_wykresami.pptx\" target=\"_blank\">POBIERZ<\/a>\n\t<img decoding=\"async\" src=\"\/images\/pliki\/2022\/Zarz\u0105dzanie_ryzykiem_poradnik_do_druku_pdf.jpg\"\/><br \/><br \/>\n<a href=\"\/images\/pliki\/2022\/Zarz\u0105dzanie_ryzykiem_poradnik_do_druku_pdf.pdf\" target=\"_blank\">POBIERZ<\/a>\n\t<br \/>\n\t<h2>Panorama UTW SGH<\/h2>\n\tNr 1 2026<br \/>\n<img decoding=\"async\" src=\"images\/pliki\/pisma\/panorama\/2026.1\/Panorama1_2026.gif\" \/>\n<a href=\"images\/pliki\/pisma\/panorama\/2026.1\/Panorama1_2026.pdf\" target=\"_blank\"><br \/>POBIERZ<\/a>\n\tNr 5 2025<br \/>\n<img decoding=\"async\" src=\"images\/pliki\/pisma\/panorama\/2025.5\/Panorama5_2025.gif\" \/>\n<a href=\"images\/pliki\/pisma\/panorama\/2025.5\/Panorama5_2025.pdf\" target=\"_blank\"><br \/>POBIERZ<\/a>\n\tNr 4 2025<br \/>\n<img decoding=\"async\" src=\"images\/pliki\/pisma\/panorama\/2025.4\/Panorama4_2025.gif\" \/>\n<a href=\"images\/pliki\/pisma\/panorama\/2025.4\/Panorama4_2025.pdf\" target=\"_blank\"><br \/>POBIERZ<\/a>\n\tNr 3 2025<br \/>\n<img decoding=\"async\" src=\"images\/pliki\/pisma\/panorama\/2025.3\/Panorama3_2025.gif\" \/>\n<a href=\"images\/pliki\/pisma\/panorama\/2025.3\/Panorama3_2025.pdf\" target=\"_blank\"><br \/>POBIERZ<\/a>\n\tNr 2 2025<br \/>\n<img decoding=\"async\" src=\"images\/pliki\/pisma\/panorama\/2025.2\/Panorama2_2025.gif\" \/>\n<a href=\"images\/pliki\/pisma\/panorama\/2025.2\/Panorama2_2025.pdf\" target=\"_blank\"><br \/>POBIERZ<\/a>\n\tNr 1 2025<br \/>\n<img decoding=\"async\" src=\"images\/pliki\/pisma\/panorama\/2025.1\/Panorama1_2025.gif\" \/>\n<a href=\"images\/pliki\/pisma\/panorama\/2025.1\/Panorama1_2025.pdf\" target=\"_blank\"><br \/>POBIERZ<\/a>\n\tNr 4 2024\n<img decoding=\"async\" src=\"images\/pliki\/pisma\/panorama\/2024.4\/Panorama4_2024.gif\" \/>\n<a href=\"images\/pliki\/pisma\/panorama\/2024.4\/Panorama4_2024.pdf\" target=\"_blank\">POBIERZ<\/a>\n\tNr 3 2024\n<img decoding=\"async\" src=\"images\/pliki\/pisma\/panorama\/2024.3\/Panorama3_2024.gif\" \/>\n<a href=\"images\/pliki\/pisma\/panorama\/2024.3\/Panorama3_2024.pdf\" target=\"_blank\">POBIERZ<\/a>\n\tNr 2 2024\n<img decoding=\"async\" src=\"images\/pliki\/pisma\/panorama\/2024.2\/Panorama2_2024.gif\" \/>\n<a href=\"images\/pliki\/pisma\/panorama\/2024.2\/Panorama2_2024.pdf\" target=\"_blank\">POBIERZ<\/a>\n\tNr 1 2024\n<img decoding=\"async\" src=\"images\/pliki\/pisma\/panorama\/2024.1\/Panorama1_2024.gif\" \/>\n<a href=\"images\/pliki\/pisma\/panorama\/2024.1\/Panorama1_2024.pdf\" target=\"_blank\">POBIERZ<\/a>\n\tNr 4 2023\n<img decoding=\"async\" src=\"images\/pliki\/pisma\/panorama\/2023.4\/Panorama4_2023.gif\" \/>\n<a href=\"images\/pliki\/pisma\/panorama\/2023.4\/Panorama4_2023.pdf\" target=\"_blank\">POBIERZ<\/a>\n\tNr 4 2022\n<img decoding=\"async\" src=\"images\/pliki\/pisma\/panorama\/2022.4\/Panorama4_2022.gif\" \/>\n<a href=\"images\/pliki\/pisma\/panorama\/2022.4\/Panorama4_2022.pdf\" target=\"_blank\">POBIERZ<\/a>\n\tNr 3 2023\n<img decoding=\"async\" src=\"images\/pliki\/pisma\/panorama\/2023.3\/Panorama3_2023.gif\" \/>\n<a href=\"images\/pliki\/pisma\/panorama\/2023.3\/Panorama3_2023.pdf\" target=\"_blank\">POBIERZ<\/a>\n\tNr 3 2022\n<img decoding=\"async\" src=\"images\/pliki\/pisma\/panorama\/2022.3\/Panorama3_2022.gif\" \/>\n<a href=\"images\/pliki\/pisma\/panorama\/2022.3\/Panorama3_2022.pdf\" target=\"_blank\">POBIERZ<\/a>\n\tNr 2 2023\n<img decoding=\"async\" src=\"images\/pliki\/pisma\/panorama\/2023.2\/Panorama2_2023.gif\" \/>\n<a href=\"images\/pliki\/pisma\/panorama\/2023.2\/Panorama2_2023.pdf\" target=\"_blank\">POBIERZ<\/a>\n\tNr 2 2022\n<img decoding=\"async\" src=\"images\/pliki\/pisma\/panorama\/2022.2\/Panorama2_2022.gif\" \/>\n<a href=\"images\/pliki\/pisma\/panorama\/2022.2\/Panorama2_2022.pdf\" target=\"_blank\">POBIERZ<\/a>\n\tNr 1 2023\n<img decoding=\"async\" src=\"images\/pliki\/pisma\/panorama\/2023.1\/Panorama1_2023.gif\" \/>\n<a href=\"images\/pliki\/pisma\/panorama\/2023.1\/Panorama1_2023.pdf\" target=\"_blank\">POBIERZ<\/a>\n\tNr 1 2022\n<img decoding=\"async\" src=\"images\/pliki\/pisma\/panorama\/2022.1\/Panorama1_2022.gif\" \/>\n<a href=\"images\/pliki\/pisma\/panorama\/2022.1\/Panorama1_2022.pdf\" target=\"_blank\">POBIERZ<\/a>\n\tNr 4 2021\n<img decoding=\"async\" src=\"images\/pliki\/pisma\/panorama\/2021.4\/Panorama4_2021.gif\" \/>\n<a href=\"images\/pliki\/pisma\/panorama\/2021.4\/Panorama4_2021.pdf\" target=\"_blank\">POBIERZ<\/a>\n\tNr 3 2021\n<img decoding=\"async\" src=\"images\/pliki\/pisma\/panorama\/2021.3\/Panorama3_2021.gif\" \/>\n<a href=\"images\/pliki\/pisma\/panorama\/2021.3\/Panorama3_2021.pdf\" target=\"_blank\">POBIERZ<\/a>\n\tNr 2 2021\n<img decoding=\"async\" src=\"images\/pliki\/pisma\/panorama\/2021.2\/Panorama2_2021.gif\" \/>\n<a href=\"images\/pliki\/pisma\/panorama\/2021.2\/Panorama2_2021.pdf\" target=\"_blank\">POBIERZ<\/a>\n\tNr 1 2021\n<img decoding=\"async\" src=\"images\/pliki\/pisma\/panorama\/2021.1\/Panorama1_2021.gif\" \/>\n<a href=\"images\/pliki\/pisma\/panorama\/2021.1\/Panorama1_2021.pdf\" target=\"_blank\">POBIERZ<\/a>\n\tNr 4 2020\n<img decoding=\"async\" src=\"images\/pliki\/pisma\/panorama\/2020.4\/Panorama4_2020.gif\" \/>\n<a href=\"images\/pliki\/pisma\/panorama\/2020.4\/Panorama4_2020.pdf\" target=\"_blank\">POBIERZ<\/a>\n\tNr 3 2020\n<img decoding=\"async\" src=\"images\/pliki\/pisma\/panorama\/2020.3\/Panorama3_2020.gif\" \/>\n<a href=\"images\/pliki\/pisma\/panorama\/2020.3\/Panorama3_2020.pdf\" target=\"_blank\">POBIERZ<\/a>\n\tNr 2 2020\n<img decoding=\"async\" src=\"images\/pliki\/pisma\/panorama\/2020.2\/Panorama2_2020.gif\" \/>\n<a href=\"images\/pliki\/pisma\/panorama\/2020.2\/Panorama2_2020.pdf\" target=\"_blank\">POBIERZ<\/a>\n\tNr 1 2020\n<img decoding=\"async\" src=\"images\/pliki\/pisma\/panorama\/2020.1\/Panorama1_2020.gif\" \/>\n<a href=\"images\/pliki\/pisma\/panorama\/2020.1\/Panorama1_2020.pdf\" target=\"_blank\">POBIERZ<\/a>\n\tNr 4 2019\n<img decoding=\"async\" src=\"images\/pliki\/pisma\/panorama\/2019.4\/Panorama4_2019.gif\" \/>\n<a href=\"images\/pliki\/pisma\/panorama\/2019.4\/Panorama4_2019.pdf\" target=\"_blank\">POBIERZ<\/a>\n\tNr 3 2019\n<img decoding=\"async\" src=\"images\/pliki\/pisma\/panorama\/2019.3\/Panorama3_2019.gif\" \/>\n<a href=\"images\/pliki\/pisma\/panorama\/2019.3\/Panorama3_2019.pdf\" target=\"_blank\">POBIERZ<\/a>\n\tNr 2 2019\n<img decoding=\"async\" src=\"images\/pliki\/pisma\/panorama\/2019.2\/Panorama2_2019.gif\" \/>\n<a href=\"images\/pliki\/pisma\/panorama\/2019.2\/Panorama2_2019.pdf\" target=\"_blank\">POBIERZ<\/a>\n\tNr 1 2019\n<img decoding=\"async\" src=\"images\/pliki\/pisma\/panorama\/2019.1\/Panorama1_2019.gif\" \/>\n<a href=\"images\/pliki\/pisma\/panorama\/2019.1\/Panorama1_2019.pdf\" target=\"_blank\">POBIERZ<\/a>\n\tNr 4 2018\n<img decoding=\"async\" src=\"images\/pliki\/pisma\/panorama\/2018.4\/Panorama4_2018.gif\" \/>\n<a href=\"images\/pliki\/pisma\/panorama\/2018.4\/Panorama4_2018.pdf\" target=\"_blank\">POBIERZ<\/a>\n\tNr 3 2018\n<img decoding=\"async\" src=\"images\/pliki\/pisma\/panorama\/2018.3\/Panorama3_2018.gif\" \/>\n<a href=\"images\/pliki\/pisma\/panorama\/2018.3\/Panorama3_2018.pdf\" target=\"_blank\">POBIERZ<\/a>\n\tNr 2 2018\n<img decoding=\"async\" src=\"images\/pliki\/pisma\/panorama\/2018.2\/Panorama2_2018.gif\" \/>\n<a href=\"images\/pliki\/pisma\/panorama\/2018.2\/Panorama2_2018.pdf\" target=\"_blank\">POBIERZ<\/a>\n\tNr 1 2018\n<img decoding=\"async\" src=\"images\/pliki\/pisma\/panorama\/2018.1\/Panorama1_2018.gif\" \/>\n<a href=\"images\/pliki\/pisma\/panorama\/2018.1\/Panorama1_2018.pdf\" target=\"_blank\">POBIERZ<\/a>\n\tNr 4 2017\n<img decoding=\"async\" src=\"images\/pliki\/pisma\/panorama\/2017.4\/Panorama4_2017.gif\" \/>\n<a href=\"images\/pliki\/pisma\/panorama\/2017.4\/Panorama4_2017.pdf.pdf\" target=\"_blank\">POBIERZ<\/a>\n\tNr 3 2017\n<img decoding=\"async\" src=\"images\/pliki\/pisma\/panorama\/2017.3\/Panorama3_2017.gif\" \/>\n<a href=\"images\/pliki\/pisma\/panorama\/2017.3\/Panorama3_2017.pdf\" target=\"_blank\">POBIERZ<\/a>\n\tNr 2 2017\n<img decoding=\"async\" src=\"images\/pliki\/pisma\/panorama\/2017.2\/Panorama2_2017.gif\" \/>\n<a href=\"images\/pliki\/pisma\/panorama\/2017.2\/Panorama2_2017.pdf\" target=\"_blank\">POBIERZ<\/a>\n\tNr 1 2017\n<img decoding=\"async\" src=\"images\/pliki\/pisma\/panorama\/2017.1\/Panorama1_2017.gif\" \/>\n<a href=\"images\/pliki\/pisma\/panorama\/2017.1\/Panorama1_2017.pdf\" target=\"_blank\">POBIERZ<\/a>\n\tNr. 7-8 2016\n<img decoding=\"async\" src=\"images\/pliki\/pisma\/panorama\/2016.7-8\/Panorama7_8_2016.gif\" \/>\n<a href=\"images\/pliki\/pisma\/panorama\/2016.7-8\/Panorama7_8_2016.pdf\" target=\"_blank\">POBIERZ<\/a>\n\tNr. 5-6 2016\n<img decoding=\"async\" src=\"images\/pliki\/pisma\/panorama\/2016.5-6\/Panorama5_6_2016.gif\" \/>\n<a href=\"images\/pliki\/pisma\/panorama\/2016.5-6\/Panorama5_6_2016.pdf\" target=\"_blank\">POBIERZ<\/a>\n\tNr. 3-4 2016\n<img decoding=\"async\" src=\"images\/pliki\/pisma\/panorama\/2016.3-4\/Panorama3_4_2016.gif\" \/>\n<a href=\"images\/pliki\/pisma\/panorama\/2016.3-4\/Panorama3_4_2016.pdf\" target=\"_blank\">POBIERZ<\/a>\n\tNr. 1-2 2016\n<img decoding=\"async\" src=\"images\/pliki\/pisma\/panorama\/2016.1-2\/Panorama1_2_2016.gif\" \/>\n<a href=\"images\/pliki\/pisma\/panorama\/2016.1-2\/Panorama1_2_2016.pdf\" target=\"_blank\">POBIERZ<\/a>\n\tNr. 7-8 2015\n<img decoding=\"async\" src=\"images\/pliki\/pisma\/panorama\/2015.7-8\/PU7_8_15.gif\" \/>\n<a href=\"images\/pliki\/pisma\/panorama\/2015.7-8\/PU7_8_15.pdf\" target=\"_blank\">POBIERZ<\/a>\n\tNr. 5-6 2015\n<img decoding=\"async\" src=\"images\/pliki\/pisma\/panorama\/2015.5-6\/panorama_UTW_5-6.2015.gif\" \/>\n<a href=\"images\/pliki\/pisma\/panorama\/2015.5-6\/panorama_UTW_5-6.2015.pdf\" target=\"_blank\">POBIERZ<\/a>\n\tNr. 3-4 2015\n<img decoding=\"async\" src=\"images\/pliki\/pisma\/panorama\/2015.3-4\/PanoramaCzerwiec2015.gif\" \/>\n<a href=\"images\/pliki\/pisma\/panorama\/2015.3-4\/Panorama3-4_2015.pdf\" target=\"_blank\">POBIERZ<\/a>\n\tNr. 1-2 2015\n<img decoding=\"async\" src=\"images\/pliki\/pisma\/panorama\/2015.1-2\/PanoramaKwiecien2015.gif\" \/>\n<a href=\"images\/pliki\/pisma\/panorama\/2015.1-2\/Panorama1_2_2015.pdf\" target=\"_blank\">POBIERZ<\/a>\n\tNr. 3-4 2014\n<img decoding=\"async\" src=\"images\/pliki\/pisma\/panorama\/2014.3-4\/PanoramaCzerwiec2014.jpg\" \/>\n<a href=\"images\/pliki\/pisma\/panorama\/2014.3-4\/Panorama.UTW.SGH.czerwiec.2014r..pdf\" target=\"_blank\">POBIERZ<\/a>\n\tNr. 1-2 2014\n<img decoding=\"async\" src=\"images\/pliki\/pisma\/panorama\/2014.1-2\/panorama_2.gif\" \/>\n<a href=\"images\/pliki\/pisma\/panorama\/2014.1-2\/panorama_LR_calosc.pdf\" target=\"_blank\">POBIERZ<\/a>\n\tNr. 9-10 2013\n<img decoding=\"async\" src=\"images\/pliki\/pisma\/panorama\/2013.9-10\/Panorama_1.jpg\" \/>\n<a href=\"images\/pliki\/pisma\/panorama\/2013.9-10\/panorama_LR3_12_13.pdf\" target=\"_blank\">POBIERZ<\/a>\n\tNr. 7-8 2013\n<img decoding=\"async\" src=\"images\/pliki\/pisma\/panorama\/2013.7-8\/Panorama.jpg\" \/>\n<a href=\"images\/pliki\/pisma\/panorama\/2013.7-8\/panorama_lr.pdf\" target=\"_blank\">POBIERZ<\/a>\n\t<h2>Panorama Uniwersytecka<\/h2>\n\tNr 4 2022\n<img decoding=\"async\" src=\"images\/pliki\/pisma\/panorama\/2022.4\/Panorama4_2022.gif\" \/>\n<a href=\"images\/pliki\/pisma\/panorama\/2022.4\/Panorama4_2022.pdf\" target=\"_blank\">POBIERZ<\/a>\n\tNr 6 2015\n<img decoding=\"async\" src=\"images\/pliki\/pisma\/panorama.uniwersytecka\/2015.nr06\/PUnr6.gif\" \/>\n<a href=\"images\/pliki\/pisma\/panorama.uniwersytecka\/2015.nr06\/PU_Kongresowa2015.pdf\" target=\"_blank\">POBIERZ<\/a>\n\tNr 5 2015\n<img decoding=\"async\" src=\"images\/pliki\/pisma\/panorama.uniwersytecka\/2015.nr05\/panorama_03_2015.gif\" \/>\n<a href=\"images\/pliki\/pisma\/panorama.uniwersytecka\/2015.nr05\/Panorama_Uniwersytecka_marzec2015.pdf\" target=\"_blank\">POBIERZ<\/a>\n\tNr 4 2014\n<img decoding=\"async\" src=\"images\/pliki\/pisma\/panorama.uniwersytecka\/2014.nr04\/PanoramaUniwersytecka4.gif\" \/>\n<a href=\"images\/pliki\/pisma\/panorama.uniwersytecka\/2014.nr04\/Osatnia.wersja.Panoramy.5.2014.pdf\" target=\"_blank\">POBIERZ<\/a>\n\tNr 3 2014\n<img decoding=\"async\" src=\"images\/pliki\/pisma\/panorama.uniwersytecka\/2014.nr03\/Panorama3_2015.gif\" \/>\n<a href=\"images\/pliki\/pisma\/panorama.uniwersytecka\/2014.nr03\/Panorama.Uniwersytecka.3.2014.pdf\" target=\"_blank\">POBIERZ<\/a>\n\tNr 2 2014\n<img decoding=\"async\" src=\"images\/pliki\/pisma\/panorama.uniwersytecka\/2014.nr02\/panorama2_1.gif\" \/>\n<a href=\"images\/pliki\/pisma\/panorama.uniwersytecka\/2014.nr02\/Panoramam.Uniwersytecka._net.pdf\" target=\"_blank\">POBIERZ<\/a>\n\tNr 1 2014\n<img decoding=\"async\" src=\"images\/pliki\/pisma\/panorama.uniwersytecka\/2014.nr01\/PanoramaUniwersytecka1.jpg\" \/>\n<a href=\"images\/pliki\/pisma\/panorama.uniwersytecka\/2014.nr01\/Panorama.Uniwersytecka.1.2014.net.pdf\" target=\"_blank\">POBIERZ<\/a>\n\t<h2>Newsletter Projektu &#8222;Us\u0142ysze\u0107 Motyla&#8221; <\/h2>\n\tASOS Nr 1\n<img decoding=\"async\" src=\"images\/pliki\/pisma\/newsletter\/nr01\/Newsletter_1.gif\" \/>\n<a href=\"images\/pliki\/pisma\/newsletter\/nr01\/Nowy=20newsletter_ASOS_05.pdf\" target=\"_blank\">POBIERZ<\/a>\n\tASOS Nr 2\n<img decoding=\"async\" src=\"images\/pliki\/pisma\/newsletter\/nr02\/ASUS2_1.gif\" \/>\n<a href=\"images\/pliki\/pisma\/newsletter\/nr02\/newsletter_ASOS_02.pdf\" target=\"_blank\">POBIERZ<\/a>\n\tASOS Nr 3\n<img decoding=\"async\" src=\"images\/pliki\/pisma\/newsletter\/nr03\/Asos_newsletter3.gif\" width=\"450\" height=\"250\" \/>\n<a href=\"images\/pliki\/pisma\/newsletter\/nr03\/newsleter_ASOS_03.pdf\" target=\"_blank\">POBIERZ<\/a>\n\tASOS Nr 4\n<img decoding=\"async\" src=\"images\/pliki\/pisma\/newsletter\/nr04\/Asos4anim.gif\" \/>\n<a href=\"images\/pliki\/pisma\/newsletter\/nr04\/newsletter_ASOS_04.pdf\" target=\"_blank\">POBIERZ<\/a>\n\n","protected":false},"excerpt":{"rendered":"<p>Wydawnictwa senioralne i poradniki POBIERZ \u015apiewnik Mieczys\u0142aw Fogg 2026 POBIERZ Informator wakacyjny 2025 POBIERZ Poradnik<\/p>\n","protected":false},"author":1,"featured_media":0,"parent":0,"menu_order":0,"comment_status":"closed","ping_status":"closed","template":"","meta":{"footnotes":""},"class_list":["post-47","page","type-page","status-publish","hentry"],"yoast_head":"<!-- This site is optimized with the Yoast SEO plugin v27.1.1 - https:\/\/yoast.com\/product\/yoast-seo-wordpress\/ -->\n<title>Wydawnictwa senioralne - Fundacja OPUTW<\/title>\n<meta name=\"robots\" content=\"index, follow, max-snippet:-1, max-image-preview:large, max-video-preview:-1\" \/>\n<link rel=\"canonical\" href=\"https:\/\/fundacjaoputw.pl\/?page_id=47\" \/>\n<meta property=\"og:locale\" content=\"pl_PL\" \/>\n<meta property=\"og:type\" content=\"article\" \/>\n<meta property=\"og:title\" content=\"Wydawnictwa senioralne - Fundacja OPUTW\" \/>\n<meta property=\"og:description\" content=\"Wydawnictwa senioralne i poradniki POBIERZ \u015apiewnik Mieczys\u0142aw Fogg 2026 POBIERZ Informator wakacyjny 2025 POBIERZ Poradnik\" \/>\n<meta property=\"og:url\" content=\"https:\/\/fundacjaoputw.pl\/?page_id=47\" \/>\n<meta property=\"og:site_name\" content=\"Fundacja OPUTW\" \/>\n<meta property=\"article:modified_time\" content=\"2026-02-25T10:06:36+00:00\" \/>\n<meta name=\"twitter:card\" content=\"summary_large_image\" \/>\n<meta name=\"twitter:label1\" content=\"Szacowany czas czytania\" \/>\n\t<meta name=\"twitter:data1\" content=\"14 minut\" \/>\n<script type=\"application\/ld+json\" class=\"yoast-schema-graph\">{\"@context\":\"https:\/\/schema.org\",\"@graph\":[{\"@type\":\"WebPage\",\"@id\":\"https:\/\/fundacjaoputw.pl\/?page_id=47\",\"url\":\"https:\/\/fundacjaoputw.pl\/?page_id=47\",\"name\":\"Wydawnictwa senioralne - Fundacja OPUTW\",\"isPartOf\":{\"@id\":\"https:\/\/fundacjaoputw.pl\/#website\"},\"datePublished\":\"2022-12-16T08:54:28+00:00\",\"dateModified\":\"2026-02-25T10:06:36+00:00\",\"breadcrumb\":{\"@id\":\"https:\/\/fundacjaoputw.pl\/?page_id=47#breadcrumb\"},\"inLanguage\":\"pl-PL\",\"potentialAction\":[{\"@type\":\"ReadAction\",\"target\":[\"https:\/\/fundacjaoputw.pl\/?page_id=47\"]}]},{\"@type\":\"BreadcrumbList\",\"@id\":\"https:\/\/fundacjaoputw.pl\/?page_id=47#breadcrumb\",\"itemListElement\":[{\"@type\":\"ListItem\",\"position\":1,\"name\":\"Home\",\"item\":\"https:\/\/fundacjaoputw.pl\/\"},{\"@type\":\"ListItem\",\"position\":2,\"name\":\"Wydawnictwa senioralne\"}]},{\"@type\":\"WebSite\",\"@id\":\"https:\/\/fundacjaoputw.pl\/#website\",\"url\":\"https:\/\/fundacjaoputw.pl\/\",\"name\":\"Fundacja Og\u00f3lnopolskie Porozumienie Uniwersytet\u00f3w Trzeciego Wieku\",\"description\":\"\",\"publisher\":{\"@id\":\"https:\/\/fundacjaoputw.pl\/#organization\"},\"alternateName\":\"Fundacja OPUTW\",\"potentialAction\":[{\"@type\":\"SearchAction\",\"target\":{\"@type\":\"EntryPoint\",\"urlTemplate\":\"https:\/\/fundacjaoputw.pl\/?s={search_term_string}\"},\"query-input\":{\"@type\":\"PropertyValueSpecification\",\"valueRequired\":true,\"valueName\":\"search_term_string\"}}],\"inLanguage\":\"pl-PL\"},{\"@type\":\"Organization\",\"@id\":\"https:\/\/fundacjaoputw.pl\/#organization\",\"name\":\"Fundacja Og\u00f3lnopolskie Porozumienie Uniwersytet\u00f3w Trzeciego Wieku\",\"alternateName\":\"Fundacja OPUTW\",\"url\":\"https:\/\/fundacjaoputw.pl\/\",\"logo\":{\"@type\":\"ImageObject\",\"inLanguage\":\"pl-PL\",\"@id\":\"https:\/\/fundacjaoputw.pl\/#\/schema\/logo\/image\/\",\"url\":\"https:\/\/fundacjaoputw.pl\/wp-content\/uploads\/2023\/01\/Bez-tytulu-1900\u00d7600-px.png\",\"contentUrl\":\"https:\/\/fundacjaoputw.pl\/wp-content\/uploads\/2023\/01\/Bez-tytulu-1900\u00d7600-px.png\",\"width\":1900,\"height\":600,\"caption\":\"Fundacja Og\u00f3lnopolskie Porozumienie Uniwersytet\u00f3w Trzeciego Wieku\"},\"image\":{\"@id\":\"https:\/\/fundacjaoputw.pl\/#\/schema\/logo\/image\/\"}}]}<\/script>\n<!-- \/ Yoast SEO plugin. -->","yoast_head_json":{"title":"Wydawnictwa senioralne - Fundacja OPUTW","robots":{"index":"index","follow":"follow","max-snippet":"max-snippet:-1","max-image-preview":"max-image-preview:large","max-video-preview":"max-video-preview:-1"},"canonical":"https:\/\/fundacjaoputw.pl\/?page_id=47","og_locale":"pl_PL","og_type":"article","og_title":"Wydawnictwa senioralne - Fundacja OPUTW","og_description":"Wydawnictwa senioralne i poradniki POBIERZ \u015apiewnik Mieczys\u0142aw Fogg 2026 POBIERZ Informator wakacyjny 2025 POBIERZ Poradnik","og_url":"https:\/\/fundacjaoputw.pl\/?page_id=47","og_site_name":"Fundacja OPUTW","article_modified_time":"2026-02-25T10:06:36+00:00","twitter_card":"summary_large_image","twitter_misc":{"Szacowany czas czytania":"14 minut"},"schema":{"@context":"https:\/\/schema.org","@graph":[{"@type":"WebPage","@id":"https:\/\/fundacjaoputw.pl\/?page_id=47","url":"https:\/\/fundacjaoputw.pl\/?page_id=47","name":"Wydawnictwa senioralne - Fundacja OPUTW","isPartOf":{"@id":"https:\/\/fundacjaoputw.pl\/#website"},"datePublished":"2022-12-16T08:54:28+00:00","dateModified":"2026-02-25T10:06:36+00:00","breadcrumb":{"@id":"https:\/\/fundacjaoputw.pl\/?page_id=47#breadcrumb"},"inLanguage":"pl-PL","potentialAction":[{"@type":"ReadAction","target":["https:\/\/fundacjaoputw.pl\/?page_id=47"]}]},{"@type":"BreadcrumbList","@id":"https:\/\/fundacjaoputw.pl\/?page_id=47#breadcrumb","itemListElement":[{"@type":"ListItem","position":1,"name":"Home","item":"https:\/\/fundacjaoputw.pl\/"},{"@type":"ListItem","position":2,"name":"Wydawnictwa senioralne"}]},{"@type":"WebSite","@id":"https:\/\/fundacjaoputw.pl\/#website","url":"https:\/\/fundacjaoputw.pl\/","name":"Fundacja Og\u00f3lnopolskie Porozumienie Uniwersytet\u00f3w Trzeciego Wieku","description":"","publisher":{"@id":"https:\/\/fundacjaoputw.pl\/#organization"},"alternateName":"Fundacja OPUTW","potentialAction":[{"@type":"SearchAction","target":{"@type":"EntryPoint","urlTemplate":"https:\/\/fundacjaoputw.pl\/?s={search_term_string}"},"query-input":{"@type":"PropertyValueSpecification","valueRequired":true,"valueName":"search_term_string"}}],"inLanguage":"pl-PL"},{"@type":"Organization","@id":"https:\/\/fundacjaoputw.pl\/#organization","name":"Fundacja Og\u00f3lnopolskie Porozumienie Uniwersytet\u00f3w Trzeciego Wieku","alternateName":"Fundacja OPUTW","url":"https:\/\/fundacjaoputw.pl\/","logo":{"@type":"ImageObject","inLanguage":"pl-PL","@id":"https:\/\/fundacjaoputw.pl\/#\/schema\/logo\/image\/","url":"https:\/\/fundacjaoputw.pl\/wp-content\/uploads\/2023\/01\/Bez-tytulu-1900\u00d7600-px.png","contentUrl":"https:\/\/fundacjaoputw.pl\/wp-content\/uploads\/2023\/01\/Bez-tytulu-1900\u00d7600-px.png","width":1900,"height":600,"caption":"Fundacja Og\u00f3lnopolskie Porozumienie Uniwersytet\u00f3w Trzeciego Wieku"},"image":{"@id":"https:\/\/fundacjaoputw.pl\/#\/schema\/logo\/image\/"}}]}},"_links":{"self":[{"href":"https:\/\/fundacjaoputw.pl\/index.php?rest_route=\/wp\/v2\/pages\/47","targetHints":{"allow":["GET"]}}],"collection":[{"href":"https:\/\/fundacjaoputw.pl\/index.php?rest_route=\/wp\/v2\/pages"}],"about":[{"href":"https:\/\/fundacjaoputw.pl\/index.php?rest_route=\/wp\/v2\/types\/page"}],"author":[{"embeddable":true,"href":"https:\/\/fundacjaoputw.pl\/index.php?rest_route=\/wp\/v2\/users\/1"}],"replies":[{"embeddable":true,"href":"https:\/\/fundacjaoputw.pl\/index.php?rest_route=%2Fwp%2Fv2%2Fcomments&post=47"}],"version-history":[{"count":11,"href":"https:\/\/fundacjaoputw.pl\/index.php?rest_route=\/wp\/v2\/pages\/47\/revisions"}],"predecessor-version":[{"id":2043,"href":"https:\/\/fundacjaoputw.pl\/index.php?rest_route=\/wp\/v2\/pages\/47\/revisions\/2043"}],"wp:attachment":[{"href":"https:\/\/fundacjaoputw.pl\/index.php?rest_route=%2Fwp%2Fv2%2Fmedia&parent=47"}],"curies":[{"name":"wp","href":"https:\/\/api.w.org\/{rel}","templated":true}]}}